{"id":1473,"date":"2009-04-22T18:34:10","date_gmt":"2009-04-22T17:34:10","guid":{"rendered":"http:\/\/www.steinpilz-wismar.de\/?page_id=1473"},"modified":"2025-08-01T07:56:42","modified_gmt":"2025-08-01T06:56:42","slug":"forderer-und-sponsoren","status":"publish","type":"page","link":"https:\/\/www.steinpilz-wismar.de\/cms\/?page_id=1473","title":{"rendered":"F\u00f6rderer und Sponsoren"},"content":{"rendered":"<h3 style=\"text-align: center;\"><span style=\"color: #800000;\">Wer uns mit einer Spende unterst\u00fctzen m\u00f6chte, kann das unter folgender Bankverbindung tun:<\/span><\/h3>\n<p style=\"text-align: center;\"><span style=\"color: #800000;\"><strong>Gemeinn\u00fctzige Gesellschaft Wismar e.V. &#8211; Gruppe der Pilzfreunde<\/strong><\/span><\/p>\n<p style=\"text-align: center;\"><span style=\"color: #800000;\"><strong>IBAN: DE 34 1405 1000 1200 0065 49<\/strong><\/span><\/p>\n<p style=\"text-align: center;\"><strong><span style=\"color: #800000;\">BIC:\u00a0 NOLADE 21 WIS<\/span><\/strong><\/p>\n<p style=\"text-align: center;\"><span style=\"color: #800000;\"><strong>Sparkasse Mecklenburg-Nordwest<\/strong><\/span><\/p>\n<p style=\"text-align: center;\"><span style=\"color: #800000;\"><strong>Vielen Dank!<\/strong><\/span><\/p>\n<p style=\"text-align: center;\"><span style=\"color: #800000;\"><strong>Sie k\u00f6nnen aber auch gerne Mitglied der Pilzfreunde werden.<\/strong><\/span><\/p>\n<p style=\"text-align: center;\"><span style=\"color: #800080; font-size: inherit;\">Der j\u00e4hrliche Vereinsbeitrag bel\u00e4uft sich auf 25.00 \u20ac + 5,00 \u20ac Aufnahmegeb\u00fchr und sollte im ersten Quartal des jeweiligen Jahres eingezahlt werden.<\/span><\/p>\n<p style=\"text-align: center;\"><a href=\"http:\/\/www.steinpilz-wismar.de\/cms\/wp-content\/uploads\/2025\/05\/Beitrittserklaerung.pdf\">Beitrittserkl\u00e4rung-Pilzfreunde<\/a><\/p>\n<p style=\"text-align: center;\"><span style=\"color: #800000;\">Die Pilzfreunde der Gemeinn\u00fctzigen Gesellschaft Wismar e.V.<\/span><\/p>\n<h1><\/h1>\n<h1 style=\"text-align: center;\"><span style=\"color: #ff0000;\"><span style=\"color: #800000;\">F\u00f6rderer und Sponsoren<\/span> <\/span><\/h1>\n<h2 style=\"text-align: center;\"><span style=\"color: #800000;\">Bis 2024<\/span><\/h2>\n<ul>\n<li style=\"text-align: justify;\"><span style=\"color: #800000;\">Als Unterst\u00fctzung zur F\u00f6rderung der ehrenamtlichen T\u00e4tigkeit als Beauftragter f\u00fcr Pilzberatung und Aufkl\u00e4rung unterst\u00fctzt der Landkreis Nordwestmecklenburg unser Projekt mit einer j\u00e4hrlichen Zuwendung von 500.00 Euro (Aufwandsentsch\u00e4digung). Keine Unterst\u00fctzung mehr seit 2015.<br \/>\n<\/span><\/li>\n<\/ul>\n<ul style=\"text-align: justify;\">\n<li><span style=\"color: #800000;\">Durch das\u00a0Bem\u00fchen der Gemeinn\u00fctzigen Gesellschaft Wismar e.V., Unterst\u00fctzer und Sponsoren f\u00fcr den Erhalt der\u00a0Pilzberatungs- und Informationsstelle &#8222;Steinpilz &#8211; Wismar&#8220; zu finden, konnten wir schon einige Erfolge in dieser Richtung verbuchen. <\/span><\/li>\n<\/ul>\n<ul style=\"text-align: justify;\">\n<li><span style=\"color: #800000;\">So unterst\u00fctzt uns die Vermieterin des Gewerberaumes, die Wohnungsbaugesellschaft mbH &#8211; Wismar, seit vielen Jahren mit einer g\u00fcnstigen Miet &#8211; Kondition. <\/span><\/li>\n<\/ul>\n<ul style=\"text-align: justify;\">\n<li><span style=\"color: #800000;\">Die B\u00fcrgerstiftung der Hansestadt Wismar f\u00f6rderte das Projekt ebenfalls bereits\u00a02 mal mit jeweils 250.00 Euro als Zuschuss f\u00fcr Sachkosten. <\/span><\/li>\n<\/ul>\n<ul>\n<li style=\"text-align: justify;\"><span style=\"color: #800000;\">Die Initiative &#8222;Soziale Stadt&#8220; des Altstadtbeirates Wismar, bedachte uns im\u00a0Jahr\u00a02008 mit einer Unterst\u00fctzung von 250.00 \u20ac f\u00fcr B\u00fcrobedarf und bei der\u00a0Finanzierung einer \u00dcberdachung unseres Informationsstandes im Jahr 2011.<\/span><\/li>\n<\/ul>\n<div id=\"attachment_12589\" style=\"width: 310px\" class=\"wp-caption aligncenter\"><a href=\"http:\/\/www.steinpilz-wismar.de\/cms\/wp-content\/uploads\/2012\/01\/k-p1090338.jpg\"><img loading=\"lazy\" decoding=\"async\" aria-describedby=\"caption-attachment-12589\" class=\"size-medium wp-image-12589\" title=\"k-p1090338\" src=\"http:\/\/www.steinpilz-wismar.de\/cms\/wp-content\/uploads\/2012\/01\/k-p1090338-300x225.jpg\" alt=\"Mit den vom DSK - Soziale Stadt gef\u00f6rderten Mittel konnte im Jahr 2011 eine neue \u00dcberdachung unseres Informations- und Imbissstandes gebaut werden. Der &quot;Steinpilz - Wismar&quot; und die Pilzfreunde der Gemeinn\u00fctzigen Gesellschaft Wismar e.V. bedanken sich ganz herzlich!\" width=\"300\" height=\"225\" srcset=\"https:\/\/www.steinpilz-wismar.de\/cms\/wp-content\/uploads\/2012\/01\/k-p1090338-300x225.jpg 300w, https:\/\/www.steinpilz-wismar.de\/cms\/wp-content\/uploads\/2012\/01\/k-p1090338.jpg 800w\" sizes=\"auto, (max-width: 300px) 100vw, 300px\" \/><\/a><p id=\"caption-attachment-12589\" class=\"wp-caption-text\">Mit den vom DSK &#8211; Soziale Stadt gef\u00f6rderten Mitteln konnte im Jahr 2011 eine neue \u00dcberdachung unseres Informations- und Imbissstandes gebaut werden. Der &#8222;Steinpilz &#8211; Wismar&#8220; und die Pilzfreunde der Gemeinn\u00fctzigen Gesellschaft Wismar e.V. bedanken sich ganz herzlich.<\/p><\/div>\n<ul>\n<li style=\"text-align: justify;\"><span style=\"color: #800000;\"> Ein ganz besonderes Dankesch\u00f6n geht an die Initiative &#8222;Aktion Mensch&#8220;, die Gesellschafter.de., die uns\u00a0im Jahr 2008\u00a0mit 4000.00 \u20ac f\u00fcr Computer\u00a0+ Beamer, Flyer und Plakate, B\u00fccher und die Einrichtung dieser Internet &#8211; Seite f\u00fcr\u00a0unser Projekt &#8222;Kundig rund um den Pilz&#8220; unterst\u00fctzten. <\/span><\/li>\n<\/ul>\n<ul style=\"text-align: justify;\">\n<li><span style=\"color: #800000;\">Flyer\u00a0+ Plakate und die Internetseite wurden gedruckt\u00a0b. z. w. \u00a0gestaltet vom Wismarer Verlag Koch &amp; Raum. <\/span><\/li>\n<\/ul>\n<ul style=\"text-align: justify;\">\n<li><span style=\"color: #800000;\">Der Computer &amp; Kommunikation Jarmer &amp; Roolf GmbH Wismar geb\u00fchrt Dank f\u00fcr ihre sehr zuvorkommende und kompetente Unterst\u00fctzung in allen Fragen, die Telekomunikation und Computertechnik betreffen.<\/span><\/li>\n<\/ul>\n<ul style=\"text-align: justify;\">\n<li><span style=\"color: #800000;\">Vielen Dank auch der Tischlerei Helmut Meier.<\/span><\/li>\n<\/ul>\n<ul style=\"text-align: justify;\">\n<li><span style=\"color: #800000;\">Wir\u00a0danken Frau Angelika Boniakowski aus Hageb\u00f6k f\u00fcr ihre Unterst\u00fctzung des &#8222;Steinpilz &#8211; Wismar&#8220;.<\/span><\/li>\n<\/ul>\n<ul style=\"text-align: justify;\">\n<li><span style=\"color: #800000;\">Dank gilt des weiteren Herrn Hinrich Siedenschnur aus Wismar, der uns\u00a0immer wieder unterst\u00fctzt.<\/span><\/li>\n<\/ul>\n<ul>\n<li style=\"text-align: justify;\"><span style=\"color: #800000;\">Wir m\u00f6chten uns\u00a0bei\u00a0Dorothee und\u00a0Hans Werner Griffel aus Hamburg f\u00fcr\u00a0mehrere\u00a0Spenden bedanken. Vielen Dank auch f\u00fcr die neuerliche Spende als Zugabe f\u00fcr unsere Weihnachtsfeier 2014. F<\/span><span style=\"color: #800000;\">\u00fcr die Zuwendung Ende 2017 ganz herzlichen Dank! Auch f\u00fcr die Folgejahre danken wir ihnen f\u00fcr ihre Spendenbereitschaft ganz herzlich!!! Beide sind auch Mitglieder in der Gruppe der Pilzfreunde.<\/span><\/li>\n<\/ul>\n<ul>\n<li style=\"text-align: justify;\"><span style=\"color: #800000;\">Auch Andreas Prohl kommt aus Hamburg und hat ebenfalls schon mehrfach im Rahmen seiner M\u00f6glichkeiten gespendet. Besten Dank! Auch Andreas war Mitglied der Wismarer Pilzfreunde. <\/span><\/li>\n<\/ul>\n<ul style=\"text-align: justify;\">\n<li><span style=\"color: #800000;\">Ein Dankesch\u00f6n geht auch in die Schweiz zur Firma &#8222;Schwab &amp; Sohn&#8220;, insbesondere an Herrn Alexander Schwab f\u00fcr seine spontane Spendenbereitschaft seit Jahren.<\/span><\/li>\n<\/ul>\n<ul style=\"text-align: justify;\">\n<li><span style=\"color: #800000;\">Wir\u00a0m\u00f6chten Herrn Gerhard Dehn aus Berlin danken. Neben dem Eintritt in die Gruppe der Pilzfreunde gab auch er eine Spende zum Erhalt des Steinpilz &#8211; Wismar.<\/span><\/li>\n<\/ul>\n<ul style=\"text-align: justify;\">\n<li><span style=\"color: #800000;\"><span style=\"color: #800000;\">Wir danken Herrn Egon Schmei\u00dfer aus Berlin, dass er 2013 unserer Gruppe der Pilzfreunde beigetreten ist und gleichzeitig einen ansehnlichen Spendenbetrag von 100.00 \u20ac auf das Konto der Gemeinn\u00fctzigen Gesellschaft Wismar e.V. \u00fcberwies! Eine weitere Spende in H\u00f6he von nochmals 100.00 \u20ac folgte 2014. Desgleichen in den Folgejahren und auch im Jahre 2019 und 2020 und 21, 22, 23 und 24 auf` s neue!\u00a0<\/span><\/span><\/li>\n<li><span style=\"color: #800000;\">F\u00fcr mehrere, ganz besonders gro\u00dfz\u00fcgige Spenden bedanken sich die Pilzfreunde der Gemeinn\u00fctzigen Gesellschaft Wismar e.V.\u00a0bei Andreas Okrent aus Graal &#8211; M\u00fcritz!<\/span><\/li>\n<\/ul>\n<ul style=\"text-align: justify;\">\n<li><span style=\"color: #800000;\">Ein ganz herzlicher\u00a0Dank geht an Monika Leister aus L\u00fcbeck f\u00fcr ihre Spendenbereitschaft 2013 (100.00 \u20ac) Inzwischen (2014) ist eine weitere, beachtliche Spende von Frau Leister (100 \u20ac) f\u00fcr das Jahr 2015 bei uns eingegangen, wof\u00fcr wir uns nochmals sehr herzlich bedanken m\u00f6chten. 100.00 \u20ac auch f\u00fcr 2016! Danke auch f\u00fcr die weiteren Zuwendungen! Au\u00dferdem konnten wir Sie im Kreise der Wismarer Pilzfreunde begr\u00fc\u00dfen.<br \/>\n<\/span><\/li>\n<\/ul>\n<ul style=\"text-align: justify;\">\n<li><span style=\"color: #800000;\">Auch Sabine Kock aus Schwerin sei an dieser Stelle ganz herzlich gedankt f\u00fcr mehrere Spenden w\u00e4hrend unserer Pilzwanderungen, auch ganz besonders f\u00fcr Ende 2015, 2016, 2017, 2018, 2019 und auch 2020 !!!<\/span><\/li>\n<\/ul>\n<ul style=\"text-align: justify;\">\n<li><span style=\"color: #800000;\"><span style=\"color: #800000;\">Ich danke unserer Pilzfreundin Erika Wittenhagen aus Bad Kleinen f\u00fcr ihre Spendenbereitschaft.<\/span><\/span><\/li>\n<\/ul>\n<ul style=\"text-align: justify;\">\n<li><span style=\"color: #800000;\">Nicht zu Vergessen und besten Dank auch\u00a0an den\u00a0Pilzberater aus B\u00fctzow, Klaus Warning, f\u00fcr seine Zuwendungen in der Vorweihnachtszeit.<\/span><\/li>\n<\/ul>\n<ul style=\"text-align: justify;\">\n<li><span style=\"color: #800000;\">Vielen Dank unserer Pilzfreundin Silja Petersen aus Hamburg, die den Steinpilz &#8211; Wismar seit Jahren zuwendungsvoll unterst\u00fctzt!<\/span><\/li>\n<\/ul>\n<ul style=\"text-align: justify;\">\n<li><span style=\"color: #800000;\">Bestens Dank auch an unseren Internetleser Christian Lerche f\u00fcr seine Spende.<\/span><\/li>\n<\/ul>\n<ul style=\"text-align: justify;\">\n<li><span style=\"color: #800000;\">Auch B\u00e4rbel und Jochen Sch\u00f6ttker aus Hamburg ganz herzlichen Dank f\u00fcr regelm\u00e4\u00dfige Spenden \u00fcber 100.00 \u20ac jeweils zum Jahresende! <\/span><\/li>\n<\/ul>\n<ul style=\"text-align: justify;\">\n<li><span style=\"color: #800000;\">Wir danken Familie Nitzsche f\u00fcr eine Spende von 50.00 \u20ac.<\/span><\/li>\n<\/ul>\n<ul style=\"text-align: justify;\">\n<li><span style=\"color: #800000;\">Weiterer Dank gilt dem Pilzfreund Ruehle und unserem Vereinsmitglied Andreas Herchenbach.<\/span><\/li>\n<\/ul>\n<ul style=\"text-align: justify;\">\n<li><span style=\"color: #800000;\">Ich <span style=\"color: #800000;\">danke<\/span> unseren Pilzfreunden Claudia Heber und Stefan Schink f\u00fcr ihre Spendenbereitschaft.<\/span><\/li>\n<\/ul>\n<ul>\n<li><span style=\"color: #800000;\">In das sch\u00f6ne Alpenland Schweiz ein herzliches Dankesch\u00f6n an Herrn Alexander Gambon f\u00fcr eine Spende \u00fcber 50.00 \u20ac.<\/span><\/li>\n<\/ul>\n<ul>\n<li><span style=\"color: #800000;\">J\u00fcrgen Horn aus Bargteheide ist im Jahr 2016 neu zur Gruppe der Pilzfreunde zugesto\u00dfen. Ihm sei ebenfalls f\u00fcr seine Sach- und Geldspenden ganz herzlich gedankt.<\/span><\/li>\n<\/ul>\n<ul>\n<li><span style=\"color: #800000;\">Ebenfalls Dank gilt unseren Pilzfreunden Helga K\u00f6ster und Helmut Kalau f\u00fcr ihre langj\u00e4hrige Unterst\u00fctzung! <\/span><\/li>\n<\/ul>\n<ul>\n<li><span style=\"color: #800000;\">Vielen Dank f\u00fcr eine spontane Spende von David aus Wismar.<\/span><\/li>\n<\/ul>\n<ul>\n<li><span style=\"color: #800000;\">Ein Dankesch\u00f6n an Herrn Dr. Horst M\u00fcller &#8211; Malchow\/Insel Poel.<\/span><\/li>\n<\/ul>\n<ul>\n<li><span style=\"color: #800000;\">Wir danken Herrn Andreas Manthei aus Rostock f\u00fcr seine wertvolle Spende im Dezember 2017<\/span><\/li>\n<\/ul>\n<ul>\n<li><span style=\"color: #800000;\">Ein ganz gro\u00dfes Dankesch\u00f6n geht in die Schweiz, an den Eichenm\u00e4ndli &#8211; Verlag f\u00fcr eine gro\u00dfz\u00fcgige Spende im Jahre 2019!<\/span><\/li>\n<\/ul>\n<ul>\n<li><span style=\"color: #800000;\">Danke an Ina und Stephan aus Schwerin f\u00fcr eine Spende \u00fcber 20 \u20ac im September 2019&lt;<\/span><\/li>\n<\/ul>\n<ul>\n<li><span style=\"color: #800000;\">Ein Dankesch\u00f6n ergeht an die Kanzlei Gruber in Regensburg \u00fcber eine Spende von 100,00 \u20ac im Herbst 2020<\/span><\/li>\n<\/ul>\n<ul>\n<li><span style=\"color: #800000;\">Vielen Dank f\u00fcr die Spendenbereitschaft von Stephan Specht!<\/span><\/li>\n<\/ul>\n<ul>\n<li><span style=\"color: #800000;\">Ein gro\u00dfes Dankesch\u00f6n an einen jungen Mann aus Hamburg f\u00fcr eine ansehnliche Spende in H\u00f6he von 200.00 \u20ac im August des Jahres 2021.<\/span><\/li>\n<li><span style=\"color: #800000;\">Ein herzliches Dankesch\u00f6n f\u00fcr eine Spende \u00fcber 100 \u20ac geht nach L\u00fcbeck, zu Stephan Drabner!<\/span><\/li>\n<\/ul>\n<ul>\n<li><span style=\"color: #800000;\">Ganz lieben Dank an Renate Blaudszun und ihren Mann f\u00fcr eine Spende im Herbst 2022!<\/span><\/li>\n<\/ul>\n<ul>\n<li><span style=\"color: #800000;\">Ebenfalls im Herbst 2022 \u00fcberwies uns Thomas Glaeser eine Spende auf das Konto der Gemeinn\u00fctzigen Gesellschaft Wismar. Sie kommt nat\u00fcrlich dem Steinpilz &#8211; Wismar zu Gute. Ganz herzlichen Dank!<\/span><\/li>\n<\/ul>\n<ul>\n<li><span style=\"color: #800000;\">200.00 \u20ac spendete im Herbst 2022 Herr Dr. Miegel. Ebenfalls herzlichen Dank f\u00fcr die tolle Unterst\u00fctzung!<\/span><\/li>\n<\/ul>\n<ul>\n<li><span style=\"color: #800000;\">Je 100,00 \u20ac spendeten Frau Leister und das Ehepaar Dr. Wobst aus Leer zum Jahr 2024. Ein ganz herzliches Dankesch\u00f6n nach Ostfriesland!<\/span><\/li>\n<\/ul>\n<ul>\n<li><span style=\"color: #800000;\">Ein Dankesch\u00f6n an Familie Fuhrmann f\u00fcr eine Spende von 150,00 \u20ac im Januar sowie Familie Niewelt von 200,00 \u20ac im Dezember 2024!<\/span><\/li>\n<\/ul>\n<ul>\n<li><span style=\"color: #800000;\">Auch allen anderen Spendern, die hier nicht namentlich erw\u00e4hnt sind, ein gro\u00dfes Dankesch\u00f6n!<\/span><\/li>\n<\/ul>\n<div id=\"attachment_24028\" style=\"width: 510px\" class=\"wp-caption aligncenter\"><a href=\"http:\/\/www.steinpilz-wismar.de\/cms\/wp-content\/uploads\/2014\/05\/k-p1030721.jpg\"><img loading=\"lazy\" decoding=\"async\" aria-describedby=\"caption-attachment-24028\" class=\"size-full wp-image-24028\" title=\"k-p1030721\" src=\"http:\/\/www.steinpilz-wismar.de\/cms\/wp-content\/uploads\/2014\/05\/k-p1030721.jpg\" alt=\"Das bisher gr\u00f6\u00dfte Geschenk an den Steinpilz - Wismar habe ich aber unseren Vereinsmitglidern und Pilzfreunden Anke und Ulrich zu verdanken. Dieser nagelneue 125 ccm Yamaha - Leichtkraftroller wird ab dem 28.Mai 2014 mein neues Dienstafahrzeug sein. Jetzt sind auch l\u00e4ngere Strecken in entferntere Pilzgebiete kein Problem mehr. Ich bedanke mich auf das herzlichste und ein lang geh\u00e4gter Traum ist damit f\u00fcr mich in Erf\u00fcllung gegangen. \" width=\"500\" height=\"379\" srcset=\"https:\/\/www.steinpilz-wismar.de\/cms\/wp-content\/uploads\/2014\/05\/k-p1030721.jpg 828w, https:\/\/www.steinpilz-wismar.de\/cms\/wp-content\/uploads\/2014\/05\/k-p1030721-300x227.jpg 300w\" sizes=\"auto, (max-width: 500px) 100vw, 500px\" \/><\/a><p id=\"caption-attachment-24028\" class=\"wp-caption-text\">Das bisher gr\u00f6\u00dfte Geschenk an den Steinpilz &#8211; Wismar habe ich aber unseren Vereinsmitgliedern und Pilzfreunden Anke und Ulrich zu verdanken. Dieser nagelneue 125 ccm Yamaha &#8211; Leichtkraftroller wird ab dem 28. Mai 2014 mein neues Dienstfahrzeug sein. Jetzt sind auch l\u00e4ngere Strecken in entferntere Pilzgebiete kein Problem mehr. Ich bedanke mich auf das herzlichste, denn ein lang gehegter Traum ist damit f\u00fcr mich in Erf\u00fcllung gegangen.<\/p><\/div>\n<ul>\n<li style=\"text-align: justify;\"><span style=\"color: #800000;\">Dank geb\u00fchrt auch der regionalen Presse, insbesondere der Ostsee &#8211; Zeitung, der Schweriner Volkszeitung, den L\u00fcbecker Nachrichten und dem Ostsee &#8211; Anzeiger\u00a0f\u00fcr Ver\u00f6ffentlichungen und Vorank\u00fcndigungen. <\/span><\/li>\n<\/ul>\n<ul>\n<li style=\"text-align: justify;\"><span style=\"color: #800000;\">Ganz besonderen Dank auch der Rechtsanwaltskanzlei Hartmut Perlebach Wismar, f\u00fcr den Rechtsbeistand in besonders schwierigen Zeiten.<\/span><\/li>\n<\/ul>\n<div id=\"attachment_23208\" style=\"width: 510px\" class=\"wp-caption aligncenter\"><a href=\"http:\/\/www.steinpilz-wismar.de\/cms\/wp-content\/uploads\/2014\/04\/k-img_0001.jpg\"><img loading=\"lazy\" decoding=\"async\" aria-describedby=\"caption-attachment-23208\" class=\"size-full wp-image-23208\" title=\"k-img_0001\" src=\"http:\/\/www.steinpilz-wismar.de\/cms\/wp-content\/uploads\/2014\/04\/k-img_0001.jpg\" alt=\"Welch ein Gl\u00fcck, dass Herr Perlebach auch Pilzfreund ist und dadurch nat\u00fcrlich auch ein ganz pers\u00f6nliches Interesse hat, dass es dem Steinpilz - Wismar auch in Zukunft gut geht und er nicht auf die Rote Liste gesetzt werdenn braucht.\" width=\"500\" height=\"380\" srcset=\"https:\/\/www.steinpilz-wismar.de\/cms\/wp-content\/uploads\/2014\/04\/k-img_0001.jpg 834w, https:\/\/www.steinpilz-wismar.de\/cms\/wp-content\/uploads\/2014\/04\/k-img_0001-300x228.jpg 300w\" sizes=\"auto, (max-width: 500px) 100vw, 500px\" \/><\/a><p id=\"caption-attachment-23208\" class=\"wp-caption-text\">Welch ein Gl\u00fcck, dass Hartmut Perlebach auch Pilzfreund ist und dadurch\u00a0ein ganz pers\u00f6nliches Interesse daran hat, dass es den Steinpilz &#8211; Wismar auch in Zukunft noch gibt und er nicht auf die Rote Liste\u00a0der vom Aussterben bedrohten Objekte gesetzt werden muss. in seiner Eigenschaft als Rechtsanwalt hat er f\u00fcr mich schon so manches Gefecht gegen ungerechte Beh\u00f6rdenentscheidungen gefochten. Ohne seinen Rechtsbeistand g\u00e4be es den Steinpilz &#8211; Wismar schon lange nicht mehr!<\/p><\/div>\n<h2 style=\"text-align: center;\"><span style=\"color: #800000;\">Ab 2025<\/span><\/h2>\n<p><span style=\"color: #993300;\">Auch nach dem Ableben Reinhold Krakows wird unser gemeinn\u00fctziger Verein weiter mit Spenden unterst\u00fctzt. Daf\u00fcr danken wir von Herzen!<\/span><\/p>\n<ul>\n<li><span style=\"color: #993300;\">Im Januar 2025 spendeten Frau Leister 100,00 \u20ac und Familie Wobst 125,00 \u20ac. Vielen herzlichen Dank!<\/span><\/li>\n<li><span style=\"color: #993300;\">Im April und Mai spendeten Dr. Saskia G\u00f6rgler, Hanjo Herbort, Egon Schmei\u00dfer und J\u00fcrgen Horn. Wir danken!<\/span><\/li>\n<\/ul>\n<p>&nbsp;<\/p>\n<p style=\"text-align: center;\"><span style=\"color: #333399;\"><strong>Allen hier Genannten und nicht Genannten ein ganz herzliches Dankesch\u00f6n!<\/strong><\/span><\/p>\n<p style=\"text-align: center;\">\n","protected":false},"excerpt":{"rendered":"<p>Wer uns mit einer Spende unterst\u00fctzen m\u00f6chte, kann das unter folgender Bankverbindung tun: Gemeinn\u00fctzige Gesellschaft Wismar e.V. &#8211; Gruppe der Pilzfreunde IBAN: DE 34 1405 1000 1200 0065 49 BIC:\u00a0 NOLADE 21 WIS Sparkasse Mecklenburg-Nordwest Vielen Dank! Sie k\u00f6nnen aber auch gerne Mitglied der Pilzfreunde werden. Der j\u00e4hrliche Vereinsbeitrag bel\u00e4uft sich auf 25.00 \u20ac + [&hellip;]<\/p>\n","protected":false},"author":1,"featured_media":0,"parent":0,"menu_order":0,"comment_status":"closed","ping_status":"closed","template":"","meta":{"footnotes":""},"class_list":["post-1473","page","type-page","status-publish","hentry"],"_links":{"self":[{"href":"https:\/\/www.steinpilz-wismar.de\/cms\/index.php?rest_route=\/wp\/v2\/pages\/1473","targetHints":{"allow":["GET"]}}],"collection":[{"href":"https:\/\/www.steinpilz-wismar.de\/cms\/index.php?rest_route=\/wp\/v2\/pages"}],"about":[{"href":"https:\/\/www.steinpilz-wismar.de\/cms\/index.php?rest_route=\/wp\/v2\/types\/page"}],"author":[{"embeddable":true,"href":"https:\/\/www.steinpilz-wismar.de\/cms\/index.php?rest_route=\/wp\/v2\/users\/1"}],"replies":[{"embeddable":true,"href":"https:\/\/www.steinpilz-wismar.de\/cms\/index.php?rest_route=%2Fwp%2Fv2%2Fcomments&post=1473"}],"version-history":[{"count":154,"href":"https:\/\/www.steinpilz-wismar.de\/cms\/index.php?rest_route=\/wp\/v2\/pages\/1473\/revisions"}],"predecessor-version":[{"id":107776,"href":"https:\/\/www.steinpilz-wismar.de\/cms\/index.php?rest_route=\/wp\/v2\/pages\/1473\/revisions\/107776"}],"wp:attachment":[{"href":"https:\/\/www.steinpilz-wismar.de\/cms\/index.php?rest_route=%2Fwp%2Fv2%2Fmedia&parent=1473"}],"curies":[{"name":"wp","href":"https:\/\/api.w.org\/{rel}","templated":true}]}}