{"id":28,"date":"2008-10-22T20:21:36","date_gmt":"2008-10-22T18:21:36","guid":{"rendered":"http:\/\/carsten-raums-mac-pro.local\/~craum\/wordpress\/?page_id=37"},"modified":"2026-03-28T17:19:15","modified_gmt":"2026-03-28T16:19:15","slug":"home","status":"publish","type":"page","link":"https:\/\/www.steinpilz-wismar.de\/cms\/","title":{"rendered":"Der Steinpilz"},"content":{"rendered":"<h1 style=\"text-align: center;\"><span style=\"color: #800000;\">1 Steinpilz Wismar &#8222;Reinhold Krakow&#8220;<strong> e.V.\u00a0<\/strong><\/span><\/h1>\n<div id=\"attachment_104779\" style=\"width: 510px\" class=\"wp-caption aligncenter\"><a href=\"http:\/\/www.steinpilz-wismar.de\/cms\/wp-content\/uploads\/2025\/05\/GGW.jpg\"><img loading=\"lazy\" decoding=\"async\" aria-describedby=\"caption-attachment-104779\" class=\"wp-image-104779\" src=\"http:\/\/www.steinpilz-wismar.de\/cms\/wp-content\/uploads\/2025\/05\/GGW-1024x614.jpg\" alt=\"\" width=\"500\" height=\"300\" srcset=\"https:\/\/www.steinpilz-wismar.de\/cms\/wp-content\/uploads\/2025\/05\/GGW-1024x614.jpg 1024w, https:\/\/www.steinpilz-wismar.de\/cms\/wp-content\/uploads\/2025\/05\/GGW-300x180.jpg 300w, https:\/\/www.steinpilz-wismar.de\/cms\/wp-content\/uploads\/2025\/05\/GGW-768x461.jpg 768w, https:\/\/www.steinpilz-wismar.de\/cms\/wp-content\/uploads\/2025\/05\/GGW-1536x921.jpg 1536w, https:\/\/www.steinpilz-wismar.de\/cms\/wp-content\/uploads\/2025\/05\/GGW.jpg 1591w\" sizes=\"auto, (max-width: 500px) 100vw, 500px\" \/><\/a><p id=\"caption-attachment-104779\" class=\"wp-caption-text\">Pilzfreundinnen und Pilzfreunde zum Neujahrstreffen des Vereins 2025. Foto: Hans-Peter Firni\u00df<\/p><\/div>\n<p style=\"text-align: justify;\"><span style=\"color: #800000;\">Im September 2004 gr\u00fcndete sich die Gruppe der Pilzfreunde unter dem Dach der Gemeinn\u00fctzigen Gesellschaft Wismar e.\u2009V. (GGW). Seit 2026 hei\u00dft der Verein &#8222;Steinpilz Wismar &#8218;Reinhold Krakow&#8216; e.V.&#8220;. Bei Teilnahme an unseren Veranstaltungen ist eine Mitgliedschaft im Verein nicht Bedingung, aber m\u00f6glich. Der Vereinsbeitrag betr\u00e4gt 25 \u20ac im Jahr.<\/span><\/p>\n<p style=\"text-align: justify;\"><span style=\"color: #800000;\">Die Pilzfreunde befassen sich mit der volkst\u00fcmlichen Pilzkunde, Aufkl\u00e4rung \u00fcber die \u00f6kologische Bedeutung der Pilze im Haushalt der Natur, Schutz und Schonung seltener Arten ebenso wie mit der Aufkl\u00e4rung \u00fcber Gefahren, die von giftigen Pilzen ausgehen k\u00f6nnen sowie F\u00f6rderung des Interesses an Umwelt und Pilzkunde.\u00a0Schwerpunkte und Umfang werden von den Mitgliedern bestimmt.<\/span><\/p>\n<p style=\"text-align: justify;\"><span style=\"color: #800000;\">In der Tradition der pilzkundlichen Arbeit des Pilzexperten Reinhold Krakow setzt die Gruppe der Pilzfreunde seine Arbeit \u2013 insbesondere die Pflege dieser Website \u2013 auf seinen ausdr\u00fccklichen Wunsch hin fort. <\/span><\/p>\n<p style=\"text-align: justify;\"><span style=\"color: #800000;\">Der Steinpilz Wismar &#8222;Reinhold Krakow&#8220; e.V. veranstaltet dar\u00fcber hinaus regelm\u00e4\u00dfige \u00f6ffentliche Pilzlehrwanderungen, Kartierungsexkursionen und Pilzseminare. Die n\u00e4chsten anstehenden Veranstaltungen finden Sie hier: <strong><a href=\"https:\/\/www.steinpilz-wismar.de\/cms\/?cat=1\"><span style=\"color: #ff00ff;\">Termine<\/span><\/a><\/strong><\/span><\/p>\n<h3><\/h3>\n<h5 style=\"text-align: left;\"><span style=\"color: #800000;\">Gemeinn\u00fctziges Engagement f\u00fcr Hobby, Natur und Fachwissen<\/span><\/h5>\n<p><a href=\"http:\/\/www.steinpilz-wismar.de\/cms\/wp-content\/uploads\/2008\/10\/schule_p1020501.jpg\"><img loading=\"lazy\" decoding=\"async\" class=\"aligncenter wp-image-88\" title=\"schule_p1020501\" src=\"http:\/\/www.steinpilz-wismar.de\/cms\/wp-content\/uploads\/2008\/10\/schule_p1020501.jpg\" alt=\"Pilzkunde in der Schule\" width=\"500\" height=\"236\" srcset=\"https:\/\/www.steinpilz-wismar.de\/cms\/wp-content\/uploads\/2008\/10\/schule_p1020501.jpg 500w, https:\/\/www.steinpilz-wismar.de\/cms\/wp-content\/uploads\/2008\/10\/schule_p1020501-300x141.jpg 300w\" sizes=\"auto, (max-width: 500px) 100vw, 500px\" \/><\/a><\/p>\n<p style=\"text-align: center;\">Pilzkunde in der Schule<\/p>\n<dl style=\"text-align: left;\"><\/dl>\n<p style=\"text-align: justify;\"><span style=\"color: #800000;\">Die Initiative \u201edieGesellschafter.de\u201c der Aktion Mensch f\u00f6rdert gemeinn\u00fctziges Engagement, bei dem sich Menschen auf freiwilliger Basis f\u00fcr Andere engagieren. Innerhalb dieser Initiative entwickelte die Gemeinn\u00fctzige Gesellschaft Wismar e.\u2009V. das Projekt \u201eKundig rund um den Pilz\u201c und wirbt um pilz- und naturinteressierte Mitstreiter.<\/span><\/p>\n<p style=\"text-align: justify;\"><span style=\"color: #800000;\">Angesprochen sind interessierte B\u00fcrger, die sich f\u00fcr das Anliegen der Pilzkunde engagieren m\u00f6chten. Sie sollen Sicherheit in der Bestimmung von Pilzen erlangen und vielleicht sogar in Fortf\u00fchrung des Projektes als pilzkundliche Berater in ihrer Umgebung zur Verf\u00fcgung stehen.<\/span><\/p>\n<h5 style=\"text-align: left;\"><span style=\"color: #800000;\">\u201eKundig rund um den Pilz\u201c\u00a0\u2013 Projektschwerpunkte:<\/span><\/h5>\n<ul style=\"text-align: left;\">\n<li style=\"text-align: left;\"><span style=\"color: #800000;\">gef\u00fchrte Pilzwanderungen<\/span><\/li>\n<li><span style=\"color: #800000;\">Kartierungsexkursionen<\/span><\/li>\n<li><span style=\"color: #800000;\">thematische Vortr\u00e4ge und Filmvorf\u00fchrungen zur Pilzkunde<\/span><\/li>\n<li><span style=\"color: #800000;\">Arbeit in Gruppen nach Vereinbarung<\/span><\/li>\n<\/ul>\n<p>&nbsp;<\/p>\n<h1 style=\"text-align: center;\"><span style=\"color: #800000;\">2 Pilzberatung<\/span><\/h1>\n<p>&nbsp;<\/p>\n<p style=\"text-align: justify;\"><span style=\"color: #800000;\">F\u00fcr Pilzberatungen durch die gepr\u00fcften Pilzexperten in Ihrer Region finden Sie die entsprechenden Kontaktdaten in den Verzeichnissen der Deutschen Gesellschaft f\u00fcr Mykologie (DGfM e.V.) und des Landesamtes f\u00fcr Gesundheit und Soziales MV (LAGuS) unter folgenden Links:<\/span><\/p>\n<p style=\"text-align: center;\"><a href=\"https:\/\/www.dgfm-ev.de\/service\/pilzsachverstaendige\"><strong><span style=\"color: #ff00ff;\">Pilzsachverst\u00e4ndige finden \/ DGfM<\/span><\/strong><\/a><\/p>\n<p style=\"text-align: center;\"><a href=\"https:\/\/www.lagus.mv-regierung.de\/Gesundheit\/Umwelthygiene_Umweltmedizin\/Pilzberatung\/\"><strong><span style=\"color: #ff00ff;\">Pilzberatung &#8211; LAGuS<\/span><\/strong><\/a><\/p>\n<p>&nbsp;<\/p>\n<h1 style=\"text-align: center;\"><span style=\"color: #800000;\">3 Giftnotruf<\/span><\/h1>\n<p style=\"text-align: justify;\"><span style=\"color: #800000;\">Bei Verdacht auf eine akute Pilzvergiftung z\u00f6gern Sie bitte nicht und wenden sich umgehend an den Giftnotruf. Zeit kann Leben retten!<\/span><\/p>\n<p style=\"text-align: center;\"><strong><a href=\"https:\/\/www.ggiz-erfurt.de\/home.html\"><span style=\"color: #ff00ff;\">Gemeinsames Giftinformations\u00adzentrum der L\u00e4nder<\/span><\/a><\/strong><\/p>\n<p style=\"text-align: center;\"><span style=\"color: #ff0000;\"><strong>Notruf 0361-730730<\/strong><\/span><\/p>\n<p>&nbsp;<\/p>\n<h1 style=\"text-align: center;\"><span style=\"color: #800000;\">4 Pilzlehrwanderungen<\/span><\/h1>\n<p style=\"text-align: justify;\"><span style=\"color: #800000;\">\u00d6ffentliche Pilzlehrwanderungen stehen allen interessierten Pilzfreundinnen und Pilzfreunden offen. Sie richten sich sowohl an den Speisepilzsammler, der sein eigenes Kochtopf-Repertoir erweitern m\u00f6chte, als auch an interessierte Feldmykologen, die ihre Artenkenntnis ausbauen wollen.<\/span><\/p>\n<p style=\"text-align: justify;\"><span style=\"color: #800000;\">Die Lehrwanderungen finden in die Regel im Zeitraum von April bis November statt und werden hier angek\u00fcndigt: <strong><a href=\"https:\/\/www.steinpilz-wismar.de\/cms\/?cat=1\"><span style=\"color: #ff00ff;\">Termine<\/span><\/a><\/strong><\/span><\/p>\n<p>&nbsp;<\/p>\n<h1 style=\"text-align: center;\"><span style=\"color: #800000;\">5 Pilzkartierung<\/span><\/h1>\n<p style=\"text-align: justify;\"><span style=\"color: #800000;\">Seit vielen Jahren beteiligten sich die Pilzfreunde des Vereins unter der Leitung von Reinhold Krakow aktiv an der Erforschung der Pilzflora (Kartierung) im Nordwesten Mecklenburgs. Diese Arbeit f\u00fchrt der Steinpilz Wismar &#8222;Reinhold Krakow&#8220; e.V. fort und f\u00fchrt von April bis November regelm\u00e4\u00dfige Mittwochsexkursionen durch. Diese finden \u00fcblicherweise im zweiw\u00f6chigen Rhythmus am Nachmittag statt. Hierbei steht die gezielte und umfassende Kartierung der im Felde ansprechbaren Arten im Fokus. <\/span><\/p>\n<p style=\"text-align: justify;\"><span style=\"color: #800000;\">Die geplanten Kartierungsexkursionen stehen allen interessierten Pilzfreundinnen und Pilzfreunden offen: <strong><a href=\"https:\/\/www.steinpilz-wismar.de\/cms\/?cat=1\"><span style=\"color: #ff00ff;\">Termine<\/span><\/a><\/strong> <\/span><\/p>\n<p>&nbsp;<\/p>\n<h1 style=\"text-align: center;\"><span style=\"color: #800000;\">6 Pilzseminare<\/span><\/h1>\n<p style=\"text-align: justify;\"><span style=\"color: #800000;\">F\u00fcr die Pilzfreunde, die sich ein komplettes Wochenende der faszinierenden Welt der Pilze widmen m\u00f6chten, bieten wir jeweils im Fr\u00fchjahr und Herbst Pilzseminare unter dem Motto &#8222;Ein Pilzwochenende in Mecklenburg&#8220; an. <\/span><\/p>\n<p style=\"text-align: justify;\"><span style=\"color: #800000;\"> Diese umfassen informative Vortr\u00e4ge, lehrreiche Pilzwanderungen und anschlie\u00dfende gemeinschaftliche Bestimmungsarbeit mit Gleichgesinnten: Lernen Sie Pilze systematisch zu bestimmen, erhalten Sie Einblick in die mikroskopischen Merkmale von Pilzen oder tauchen Sie ein in das Thema der Vitalpilze. <\/span><\/p>\n<p style=\"text-align: justify;\"><span style=\"color: #800000;\">Die Seminare finden an wechselnden Orten in Mecklenburg-Vorpommern statt und widmen sich den jahreszeitlichen Schwerpunkten der jeweiligen Pilzflora. <\/span><\/p>\n<p style=\"text-align: justify;\"><span style=\"color: #800000;\">Eindr\u00fccke aus den letzten Seminaren finden Sie hier: <a href=\"https:\/\/www.steinpilz-wismar.de\/cms\/?cat=1819\"><strong><span style=\"color: #ff00ff;\">Fr\u00fchjahrsseminar in Gallentin<\/span><\/strong><\/a><\/span><\/p>\n<p style=\"text-align: justify;\"><span style=\"color: #800000;\">Die Daten zum n\u00e4chsten Seminar finden Sie hier: <strong><a href=\"https:\/\/www.steinpilz-wismar.de\/cms\/?cat=1\"><span style=\"color: #ff00ff;\">Termine<\/span><\/a><\/strong> <\/span><\/p>\n<h2><\/h2>\n<h1 style=\"text-align: center;\"><span style=\"color: #800000;\">7 Angebote f\u00fcr individuelle Wanderungen und Gruppen <\/span><\/h1>\n<p style=\"text-align: justify;\"><span style=\"color: #800000;\"> In Absprache k\u00f6nnen auch individuelle Pilzwanderungen und Wanderungen f\u00fcr Gruppen durchgef\u00fchrt werden. Wenden Sie sich f\u00fcr ein entsprechendes Angebot dazu gern an uns.<\/span><\/p>\n<p>&nbsp;<\/p>\n<h1 style=\"text-align: center;\"><span style=\"color: #800000;\">8 Kontaktdaten<\/span><\/h1>\n<ul style=\"text-align: left;\">\n<li style=\"list-style-type: none;\">\n<ul>\n<li><strong><span style=\"color: #800000;\">Steinpilz Wismar &#8222;Reinhold Krakow&#8220; e.V.<\/span><\/strong><\/li>\n<li><strong><span style=\"color: #993300;\"><span style=\"color: #800000;\">Telefon: 0177\/3849804<\/span><br \/>\n<\/span><\/strong><\/li>\n<li><strong><span style=\"color: #993300;\"><span style=\"color: #800000;\">E-Mail: info@steinpilz-wismar.de<\/span><\/span><\/strong><\/li>\n<\/ul>\n<ul>\n<li style=\"text-align: justify;\"><span style=\"color: #800080;\"><strong>Und hier noch eine Bitte in eigener Sache: Werden Sie Mitglied des <\/strong><strong>Steinpilz Wismar &#8222;Reinhold Krakow&#8220; e.V.<\/strong><strong><span style=\"color: #800080;\">!<\/span> Auch wenn Sie au\u00dferhalb wohnen und diese informative Homepage h\u00e4ufiger nutzen, k\u00f6nnen Sie mit einem Jahresbeitrag von 25,00 \u20ac oder mit einer Spende die pilzkundliche Arbeit unterst\u00fctzen.<br \/>\nDar\u00fcber hinaus profitieren Sie als Mitglied von verg\u00fcnstigten Teilnahmegeb\u00fchren f\u00fcr die Veranstaltungen.<\/strong><\/span><\/li>\n<li><span style=\"color: #800000;\">Das Formular der Beitrittserkl\u00e4rung k\u00f6nnen Sie hier herunterladen: <a id=\"wp-block-file--media-87de9f75-1844-4db8-b654-da9e4a068f2a\" href=\"http:\/\/www.steinpilz-wismar.de\/cms\/wp-content\/uploads\/2026\/03\/Beitrittserklaerung-2026.pdf\" target=\"_blank\" rel=\"noopener\"><strong><span style=\"color: #ff00ff;\">Beitrittserkl\u00e4rung herunterladen<\/span><\/strong><\/a><\/span><\/li>\n<\/ul>\n<\/li>\n<\/ul>\n","protected":false},"excerpt":{"rendered":"<p>1 Steinpilz Wismar &#8222;Reinhold Krakow&#8220; e.V.\u00a0 Im September 2004 gr\u00fcndete sich die Gruppe der Pilzfreunde unter dem Dach der Gemeinn\u00fctzigen Gesellschaft Wismar e.\u2009V. (GGW). Seit 2026 hei\u00dft der Verein &#8222;Steinpilz Wismar &#8218;Reinhold Krakow&#8216; e.V.&#8220;. Bei Teilnahme an unseren Veranstaltungen ist eine Mitgliedschaft im Verein nicht Bedingung, aber m\u00f6glich. Der Vereinsbeitrag betr\u00e4gt 25 \u20ac im Jahr. [&hellip;]<\/p>\n","protected":false},"author":1,"featured_media":0,"parent":0,"menu_order":0,"comment_status":"closed","ping_status":"closed","template":"","meta":{"footnotes":""},"class_list":["post-28","page","type-page","status-publish","hentry"],"_links":{"self":[{"href":"https:\/\/www.steinpilz-wismar.de\/cms\/index.php?rest_route=\/wp\/v2\/pages\/28","targetHints":{"allow":["GET"]}}],"collection":[{"href":"https:\/\/www.steinpilz-wismar.de\/cms\/index.php?rest_route=\/wp\/v2\/pages"}],"about":[{"href":"https:\/\/www.steinpilz-wismar.de\/cms\/index.php?rest_route=\/wp\/v2\/types\/page"}],"author":[{"embeddable":true,"href":"https:\/\/www.steinpilz-wismar.de\/cms\/index.php?rest_route=\/wp\/v2\/users\/1"}],"replies":[{"embeddable":true,"href":"https:\/\/www.steinpilz-wismar.de\/cms\/index.php?rest_route=%2Fwp%2Fv2%2Fcomments&post=28"}],"version-history":[{"count":324,"href":"https:\/\/www.steinpilz-wismar.de\/cms\/index.php?rest_route=\/wp\/v2\/pages\/28\/revisions"}],"predecessor-version":[{"id":111199,"href":"https:\/\/www.steinpilz-wismar.de\/cms\/index.php?rest_route=\/wp\/v2\/pages\/28\/revisions\/111199"}],"wp:attachment":[{"href":"https:\/\/www.steinpilz-wismar.de\/cms\/index.php?rest_route=%2Fwp%2Fv2%2Fmedia&parent=28"}],"curies":[{"name":"wp","href":"https:\/\/api.w.org\/{rel}","templated":true}]}}