{"id":36,"date":"2008-10-22T21:43:56","date_gmt":"2008-10-22T19:43:56","guid":{"rendered":"http:\/\/carsten-raums-mac-pro.local\/~craum\/wordpress\/?page_id=45"},"modified":"2026-03-24T20:46:20","modified_gmt":"2026-03-24T19:46:20","slug":"impressum","status":"publish","type":"page","link":"https:\/\/www.steinpilz-wismar.de\/cms\/?page_id=36","title":{"rendered":"Impressum"},"content":{"rendered":"<ul>\n<li>Verantwortlich f\u00fcr den Inhalt der Website ist ab 01.01.2025:<br \/>\nSteinpilz Wismar &#8222;Reinhold Krakow&#8220; e.V. (vormals Gemeinn\u00fctzige Gesellschaft Wismar e.V.), vertreten durch den Vorstand (Vera Holtz, Dirk Fuhrmann, Catrin Berseck)<br \/>\nKontakt: info@steinpilz-wismar.de<\/li>\n<li>VR 3277 (AG Schwerin)<\/li>\n<li>Verantwortlich f\u00fcr den Inhalt der Website war bis 31.12.2024: Reinhold Krakow, ABC-Stra\u00dfe 21, 23966 Wismar, <a href=\"mailto:steinpilz.wismar@t-online.de\">steinpilz.wismar@t-online.de<\/a><\/li>\n<\/ul>\n<ul>\n<li>Das Projekt \u201eKundig rund um den Pilz&#8220; wurde unterst\u00fctzt von \u201edieGesellschafter.de&#8220;, einer Initiative der Aktion Mensch.<\/li>\n<li>Fotos:\u00a0Reinhold Krakow sowie Mitglieder der Interessengruppe der Pilz- und Naturfreunde in\u00a0der Gemeinn\u00fctzigen Gesellschaft Wismar e.\u2009V. sowie \u00a9emmess\/<a href=\"http:\/\/www.pixelio.de\" target=\"_blank\" rel=\"noopener\">PIXELIO<\/a> (1) und \u00a9nature.picture\/<a href=\"http:\/\/www.pixelio.de\" target=\"_blank\" rel=\"noopener\">PIXELIO<\/a> (1)<\/li>\n<li>Webdesign: Carsten Raum, Verlag Koch &amp; Raum Wismar OHG, <a href=\"http:\/\/www.v-kr.de\" target=\"_blank\" rel=\"noopener\">www.v-kr.de<\/a><\/li>\n<\/ul>\n<p>&nbsp;<\/p>\n<div id=\"inhalt\">\n<div class=\"zeitung\">\n<h3>Rechtliche Hinweise<\/h3>\n<p style=\"text-align: justify;\"><strong>Streitschlichtung<\/strong><br \/>\nDer Herausgeber ist nicht bereit oder verpflichtet, an Streitbeilegungsverfahren vor einer Verbraucherschlichtungsstelle teilzunehmen.<\/p>\n<p style=\"text-align: justify;\"><strong>Haftung f\u00fcr Inhalte<\/strong><br \/>\nAls Diensteanbieter ist der Herausgeber f\u00fcr eigene Inhalte auf diesen Seiten verantwortlich. Das Auftreten von Fehlern ist trotz des Bem\u00fchens, inhaltlich richtige sowie vollst\u00e4ndige Informationen anzubieten, nicht v\u00f6llig auszuschlie\u00dfen. Eine Garantie f\u00fcr die Vollst\u00e4ndigkeit und Richtigkeit kann daher nicht \u00fcbernommen werden. Der Herausgeber kann diese Website nach eigenem Ermessen jederzeit ohne Ank\u00fcndigung ver\u00e4ndern und \/ oder deren Betrieb einstellen. Er ist nicht verpflichtet, Inhalte dieser Website zu aktualisieren. Der Herausgeber ist als Diensteanbieter nicht verpflichtet, \u00fcbermittelte oder gespeicherte fremde Informationen zu \u00fcberwachen oder nach Umst\u00e4nden zu forschen, die auf eine rechtswidrige T\u00e4tigkeit hinweisen. Verpflichtungen zur Entfernung oder Sperrung der Nutzung von Informationen nach den allgemeinen Gesetzen bleiben hiervon unber\u00fchrt. Eine diesbez\u00fcgliche Haftung ist jedoch erst ab dem Zeitpunkt der Kenntnis einer konkreten Rechtsverletzung m\u00f6glich. Bei Bekanntwerden von entsprechenden Rechtsverletzungen werden diese Inhalte umgehend durch den Herausgeber entfernt.<br \/>\nDer Zugang und die Benutzung dieser Website geschieht auf eigene Gefahr des Benutzers. Der Herausgeber ist nicht verantwortlich und \u00fcbernimmt keinerlei Haftung f\u00fcr Sch\u00e4den, u.a. f\u00fcr direkte, indirekte, zuf\u00e4llige, vorab konkret zu bestimmende oder Folgesch\u00e4den, die angeblich durch den oder in Verbindung mit dem Zugang und\/oder der Benutzung dieser Website aufgetreten sind.<\/p>\n<p style=\"text-align: justify;\"><strong>Haftung f\u00fcr Links<\/strong><br \/>\nDer Herausgeber hat keinen Einfluss auf und \u00fcbernimmt keine Verantwortung f\u00fcr die Inhalte und die Verf\u00fcgbarkeit von Websites Dritter, die \u00fcber externe Links dieser Website erreicht werden.<br \/>\nF\u00fcr die Inhalte der verlinkten Seiten ist stets der jeweilige Anbieter oder Betreiber der Seiten verantwortlich. Die verlinkten Seiten wurden zum Zeitpunkt der Verlinkung auf m\u00f6gliche Rechtsverst\u00f6\u00dfe \u00fcberpr\u00fcft. Rechtswidrige Inhalte waren zum Zeitpunkt der Verlinkung nicht erkennbar. Eine permanente inhaltliche Kontrolle der verlinkten Seiten ist jedoch ohne konkrete Anhaltspunkte einer Rechtsverletzung nicht zumutbar. Bei Bekanntwerden von Rechtsverletzungen werden derartige Links umgehend durch den Herausgeber entfernt.<\/p>\n<p style=\"text-align: justify;\"><strong>Urheberrecht<\/strong><br \/>\nDie durch die Herausgeber erstellten Inhalte und Werke auf diesen Seiten unterliegen dem deutschen Urheberrecht. Die Vervielf\u00e4ltigung, Bearbeitung, Verbreitung und jede Art der Verwertung au\u00dferhalb der Grenzen des Urheberrechtes bed\u00fcrfen der schriftlichen Zustimmung des jeweiligen Autors bzw. Erstellers. Downloads und Kopien dieser Seite sind nur f\u00fcr den privaten, nicht kommerziellen Gebrauch gestattet.<br \/>\nSoweit die Inhalte auf dieser Seite nicht vom Herausgeber erstellt wurden, werden die Urheberrechte Dritter beachtet. Insbesondere werden Inhalte Dritter als solche gekennzeichnet. Sollten Sie trotzdem auf eine Urheberrechtsverletzung aufmerksam werden, bitten wir um einen entsprechenden Hinweis. Bei Bekanntwerden von Rechtsverletzungen werden derartige Inhalte umgehend durch den Herausgeber entfernt.<\/p>\n<h3>Datenschutzerkl\u00e4rung<\/h3>\n<p style=\"text-align: justify;\"><strong>Datenschutz<\/strong><br \/>\nDer Herausgeber dieser Website nimmt den Schutz von pers\u00f6nlichen Daten sehr ernst. Soweit erhoben, werden personenbezogene Daten vertraulich und entsprechend der gesetzlichen Datenschutzvorschriften sowie dieser Datenschutzerkl\u00e4rung behandelt. Die Nutzung der Website ist in der Regel ohne Angabe personenbezogener Daten m\u00f6glich. Sofern innerhalb des Internetangebotes die M\u00f6glichkeit zur Eingabe pers\u00f6nlicher oder gesch\u00e4ftlicher Daten (E-Mail-Adressen, Namen, Anschriften) besteht, so erfolgt die Preisgabe dieser Daten seitens des Nutzers auf ausdr\u00fccklich freiwilliger Basis. Diese Daten werden ohne ausdr\u00fcckliche Zustimmung des Nutzers nicht an Dritte weitergegeben. Der Herausgeber weist darauf hin, dass die Daten\u00fcbertragung im Internet (z.B. bei der Kommunikation per E-Mail) Sicherheitsl\u00fccken aufweisen kann. Ein l\u00fcckenloser Schutz der Daten vor dem Zugriff durch Dritte ist nicht m\u00f6glich.<\/p>\n<p style=\"text-align: justify;\"><strong>Logging<\/strong><br \/>\nBei der Anforderung von Inhalten aus diesem Internetangebot werden Zugriffsdaten gespeichert. Das sind Daten \u00fcber die Seite, von der aus die Datei angefordert wurde, der Name der angeforderten Datei, das Datum, Uhrzeit und Dauer der Anforderung, die \u00fcbertragene Datenmenge sowie der Zugriffsstatus (z.B. Datei \u00fcbertragen, Datei nicht gefunden). Diese gespeicherten Daten werden ausschlie\u00dflich zu statistischen Zwecken ausgewertet und auf keinen Fall an Dritte weitergeleitet.<\/p>\n<p style=\"text-align: justify;\"><strong>Cookies<\/strong><br \/>\nDiese Website verwendet teilweise sogenannte Cookies. Cookies werden dazu genutzt, das Website-Angebot nutzerfreundlicher, effektiver und sicherer zu machen. Cookies sind kleine Textdateien, die durch den Browser des Nutzers auf dessen Rechner gespeichert werden. Die meisten der verwendeten Cookies sind sogenannte \u201eSession-Cookies\u201c. Sie werden nach Ende des Besuchs automatisch gel\u00f6scht. Andere Cookies bleiben auf dem Endger\u00e4t gespeichert, bis der Nutzer diese l\u00f6scht oder diese durch Zeitbegrenzung verfallen. Diese Cookies erm\u00f6glichen es, den Browser des Nutzers beim n\u00e4chsten Besuch wiederzuerkennen. Der Nutzer kann seinen Browser so einstellen, dass er \u00fcber das Setzen von Cookies informiert wird. Er kann Cookies nur im Einzelfall erlauben, die Annahme von Cookies f\u00fcr bestimmte F\u00e4lle oder generell ausschlie\u00dfen sowie das automatische L\u00f6schen der Cookies beim Schlie\u00dfen des Browser aktivieren. Bei der Deaktivierung von Cookies kann die Funktionalit\u00e4t dieser Website eingeschr\u00e4nkt sein.<\/p>\n<\/div>\n<\/div>\n","protected":false},"excerpt":{"rendered":"<p>Verantwortlich f\u00fcr den Inhalt der Website ist ab 01.01.2025: Steinpilz Wismar &#8222;Reinhold Krakow&#8220; e.V. (vormals Gemeinn\u00fctzige Gesellschaft Wismar e.V.), vertreten durch den Vorstand (Vera Holtz, Dirk Fuhrmann, Catrin Berseck) Kontakt: info@steinpilz-wismar.de VR 3277 (AG Schwerin) Verantwortlich f\u00fcr den Inhalt der Website war bis 31.12.2024: Reinhold Krakow, ABC-Stra\u00dfe 21, 23966 Wismar, steinpilz.wismar@t-online.de Das Projekt \u201eKundig rund [&hellip;]<\/p>\n","protected":false},"author":1,"featured_media":0,"parent":0,"menu_order":177,"comment_status":"closed","ping_status":"closed","template":"","meta":{"footnotes":""},"class_list":["post-36","page","type-page","status-publish","hentry"],"_links":{"self":[{"href":"https:\/\/www.steinpilz-wismar.de\/cms\/index.php?rest_route=\/wp\/v2\/pages\/36","targetHints":{"allow":["GET"]}}],"collection":[{"href":"https:\/\/www.steinpilz-wismar.de\/cms\/index.php?rest_route=\/wp\/v2\/pages"}],"about":[{"href":"https:\/\/www.steinpilz-wismar.de\/cms\/index.php?rest_route=\/wp\/v2\/types\/page"}],"author":[{"embeddable":true,"href":"https:\/\/www.steinpilz-wismar.de\/cms\/index.php?rest_route=\/wp\/v2\/users\/1"}],"replies":[{"embeddable":true,"href":"https:\/\/www.steinpilz-wismar.de\/cms\/index.php?rest_route=%2Fwp%2Fv2%2Fcomments&post=36"}],"version-history":[{"count":23,"href":"https:\/\/www.steinpilz-wismar.de\/cms\/index.php?rest_route=\/wp\/v2\/pages\/36\/revisions"}],"predecessor-version":[{"id":111162,"href":"https:\/\/www.steinpilz-wismar.de\/cms\/index.php?rest_route=\/wp\/v2\/pages\/36\/revisions\/111162"}],"wp:attachment":[{"href":"https:\/\/www.steinpilz-wismar.de\/cms\/index.php?rest_route=%2Fwp%2Fv2%2Fmedia&parent=36"}],"curies":[{"name":"wp","href":"https:\/\/api.w.org\/{rel}","templated":true}]}}